{"id":7963,"date":"2025-10-20T14:53:41","date_gmt":"2025-10-20T14:53:41","guid":{"rendered":"https:\/\/www.elri.ch\/?page_id=7963"},"modified":"2025-12-04T15:56:47","modified_gmt":"2025-12-04T14:56:47","slug":"horaires-douverture","status":"publish","type":"page","link":"https:\/\/www.elri.ch\/fr\/contact\/horaires-douverture\/","title":{"rendered":"Horaires d&rsquo;ouverture"},"content":{"rendered":"<h2>Service de vente interne \/ secr\u00e9tariat<\/h2>\n<p><strong>Lundi &#8211; Jeudi<\/strong><br \/>\n07.00 &#8211; 12.00 et 13.00 &#8211; 17.00<\/p>\n<p><strong>Vendredi<\/strong><br \/>\n07.00 &#8211; 12.00 et 13.00 &#8211; 16.00<\/p>\n<h2>Livraison<\/h2>\n<p><strong>Lundi &#8211; Jeudi<\/strong><br \/>\n07.00 &#8211; 11.45 et 13.00 &#8211; 16.30<\/p>\n<p><strong>Vendredi<\/strong><br \/>\n07.00 &#8211; 11.45 et 13.00 &#8211; 15.30<\/p>\n<h2>Collection<\/h2>\n<p><strong>Lundi &#8211; Vendredi<\/strong><br \/>\nPendant les heures d&rsquo;ouverture ou sur rendez-vous, avec code d&rsquo;acc\u00e8s<\/p>\n<p>&nbsp;<\/p>\n<h2>Prochains jours f\u00e9ri\u00e9s \u2013 Entreprise ferm\u00e9e<\/h2>\n<div class=\"elri-holidays\"><p class=\"elri-holiday\"><strong>jeudi 14 mai 2026<\/strong>Ascension<\/p><p class=\"elri-holiday\"><strong>vendredi 15 mai 2026<\/strong>Pont de l\u2019Ascension<\/p><p class=\"elri-holiday\"><strong>lundi 25 mai 2026<\/strong>Lundi de Pentec\u00f4te<\/p><p class=\"elri-holiday\"><strong>jeudi 4 juin 2026<\/strong>F\u00eate-Dieu<\/p><p class=\"elri-holiday\"><strong>samedi 1 ao\u00fbt 2026<\/strong>F\u00eate nationale suisse<\/p><p class=\"elri-holiday\"><strong>samedi 15 ao\u00fbt 2026<\/strong>Assomption<\/p><p class=\"elri-holiday\"><strong>dimanche 1 novembre 2026<\/strong>Toussaint<\/p><p class=\"elri-holiday\"><strong>du jeudi 24 d\u00e9cembre 2026 au dimanche 3 janvier 2027<\/strong>F\u00e9ri\u00e9s de No\u00ebl et Nouvel An<\/p><p class=\"elri-holiday\"><strong>vendredi 1 janvier 2027<\/strong>Nouvel An<\/p><p class=\"elri-holiday\"><strong>samedi 2 janvier 2027<\/strong>Jour de Berthold<\/p><p class=\"elri-holiday\"><strong>vendredi 26 mars 2027<\/strong>Vendredi saint<\/p><p class=\"elri-holiday\"><strong>lundi 29 mars 2027<\/strong>Lundi de P\u00e2ques<\/p><p class=\"elri-holiday\"><strong>samedi 1 mai 2027<\/strong>F\u00eate du Travail<\/p><p class=\"elri-holiday\"><strong>jeudi 6 mai 2027<\/strong>Ascension<\/p><p class=\"elri-holiday\"><strong>vendredi 7 mai 2027<\/strong>Pont de l\u2019Ascension<\/p><\/div><style>\n        .elri-holidays, .elri-holidays * { text-transform: none !important; }\n        .elri-holiday{ margin:0 0 18px; line-height:1.4 }\n        .elri-holiday strong{ display:block; margin-bottom:4px }\n        .elri-holiday--inline{ margin:0 0 10px; }\n        <\/style>\n","protected":false},"excerpt":{"rendered":"<p>Service de vente interne \/ secr\u00e9tariat Lundi &#8211; Jeudi 07.00 &#8211; 12.00 et 13.00 &#8211; 17.00 Vendredi 07.00 &#8211; 12.00 et 13.00 &#8211; 16.00 Livraison Lundi &#8211; Jeudi 07.00 &#8211; 11.45 et 13.00 &#8211; 16.30 Vendredi 07.00 [&hellip;]<\/p>\n","protected":false},"author":4,"featured_media":642,"parent":243,"menu_order":21,"comment_status":"closed","ping_status":"closed","template":"","meta":{"_acf_changed":false,"footnotes":""},"class_list":["post-7963","page","type-page","status-publish","has-post-thumbnail","hentry"],"acf":[],"aioseo_notices":[],"_links":{"self":[{"href":"https:\/\/www.elri.ch\/fr\/wp-json\/wp\/v2\/pages\/7963","targetHints":{"allow":["GET"]}}],"collection":[{"href":"https:\/\/www.elri.ch\/fr\/wp-json\/wp\/v2\/pages"}],"about":[{"href":"https:\/\/www.elri.ch\/fr\/wp-json\/wp\/v2\/types\/page"}],"author":[{"embeddable":true,"href":"https:\/\/www.elri.ch\/fr\/wp-json\/wp\/v2\/users\/4"}],"replies":[{"embeddable":true,"href":"https:\/\/www.elri.ch\/fr\/wp-json\/wp\/v2\/comments?post=7963"}],"version-history":[{"count":6,"href":"https:\/\/www.elri.ch\/fr\/wp-json\/wp\/v2\/pages\/7963\/revisions"}],"predecessor-version":[{"id":8111,"href":"https:\/\/www.elri.ch\/fr\/wp-json\/wp\/v2\/pages\/7963\/revisions\/8111"}],"up":[{"embeddable":true,"href":"https:\/\/www.elri.ch\/fr\/wp-json\/wp\/v2\/pages\/243"}],"wp:featuredmedia":[{"embeddable":true,"href":"https:\/\/www.elri.ch\/fr\/wp-json\/wp\/v2\/media\/642"}],"wp:attachment":[{"href":"https:\/\/www.elri.ch\/fr\/wp-json\/wp\/v2\/media?parent=7963"}],"curies":[{"name":"wp","href":"https:\/\/api.w.org\/{rel}","templated":true}]}}