{"id":7864,"date":"2025-08-06T13:53:51","date_gmt":"2025-08-06T13:53:51","guid":{"rendered":"https:\/\/www.elri.ch\/recycling_de\/"},"modified":"2026-03-31T10:36:17","modified_gmt":"2026-03-31T09:36:17","slug":"recycling","status":"publish","type":"page","link":"https:\/\/www.elri.ch\/fr\/recycling\/","title":{"rendered":"elrecycling<sup>\u00ae<\/sup> \u2013 Mati\u00e8res premi\u00e8res en circuit"},"content":{"rendered":"<h2><strong>Notre engagement<\/strong><\/h2>\n<p>Elri AG s\u2019engage depuis des ann\u00e9es dans le domaine du recyclage de ses propres produits. L\u2019ensemble des d\u00e9chets de production est collect\u00e9 et r\u00e9introduit dans le cycle de recyclage. Les d\u00e9chets de chantier pouvant \u00eatre repris peuvent \u00e9galement nous \u00eatre livr\u00e9s pour un traitement ult\u00e9rieur.<\/p>\n<h2>Principe<\/h2>\n<p>Nous bouclons le cycle. Les d\u00e9chets d\u2019isolation tri\u00e9s par type provenant du montage et du d\u00e9montage sont repris. Ils sont trait\u00e9s de mani\u00e8re centralis\u00e9e et r\u00e9introduits dans le cycle de recyclage. Cela garantit une utilisation durable des ressources pr\u00e9cieuses.<\/p>\n<h2>Produits Elri pouvant \u00eatre repris<\/h2>\n<p>\u25cf Coquilles PIR \/ PU ainsi que pi\u00e8ces moul\u00e9es PIR \/ PU<br \/>\n\u25cf Coquilles en laine de roche et pi\u00e8ces moul\u00e9es en laine de roche<br \/>\n\u25cf Films plastiques et pi\u00e8ces plastiques (PVC, PET)<br \/>\n\u25cf Autres d\u00e9chets : p. ex. manchettes alu, pi\u00e8ces alu, fil m\u00e9tallique, alu \u00e9croui <\/p>\n<h2>\u00c9tiquette elrecycling<sup>\u00ae <\/sup><\/h2>\n<p>Pour le retour \u00e0 Elri AG, une \u00e9tiquette elrecycling<sup>\u00ae<\/sup> est n\u00e9cessaire. Elle peut \u00eatre obtenue contre paiement aupr\u00e8s du service client\u00e8le ou directement via notre eShop (<a href=\"https:\/\/www.elri.ch\/shop\" target=\"_blank\" rel=\"noopener\">www.elri.ch\/shop<\/a>).<\/p>\n<h2>Important<\/h2>\n<p>Seuls les mat\u00e9riaux tri\u00e9s par type provenant de la gamme de vente Elri sont autoris\u00e9s pour le recyclage.<\/p>\n<h2>Formes de livraison autoris\u00e9es<\/h2>\n<p>Uniquement produits Elri avec \u00e9tiquette elrecycling<sup>\u00ae<\/sup> de Elri AG (contre paiement)<br \/>\n\u25cf Dans carton Elri d\u2019origine 0.240 m3 (coquilles PIR \/ STW)<br \/>\n\u25cf En vrac dans un sac plastique transparent propre jusqu\u2019\u00e0 max. 240L<br \/>\n\u25cf En vrac, li\u00e9 sur palette r\u00e9utilisable (p. ex. film\u00e9 \/ compress\u00e9) selon accord, par kg<br \/>\n\u25cf En bennes ou conteneurs sur demande et selon accord, par kg  <\/p>\n<h2>Formes de livraison non autoris\u00e9es<\/h2>\n<p>\u25cf Sacs poubelle fonc\u00e9s non transparents, sacs en papier<br \/>\n\u25cf Cartons ou caisses pliantes de fournisseurs tiers<br \/>\n\u25cf Mat\u00e9riaux m\u00e9lang\u00e9s, non tri\u00e9s<br \/>\n\u25cf Substances dangereuses (p. ex. contenant de l\u2019amiante ou des PCB)<br \/>\n\u25cf Livraison sans \u00e9tiquette elrecycling<sup>\u00ae<\/sup> de Elri AG  <\/p>\n<h2>D\u00e9roulement et proc\u00e9dure<\/h2>\n<p>1. Emballer les d\u00e9chets tri\u00e9s par type et de mani\u00e8re facilement transportable<br \/>\n2. Remplir l\u2019\u00e9tiquette elrecycling<sup>\u00ae<\/sup> et la fixer de mani\u00e8re bien visible sur l\u2019emballage<br \/>\n3. Organiser la livraison ou le transport vers Elri AG ou remettre lors du prochain enl\u00e8vement  <\/p>\n<p>Lieu de livraison : Elri AG, Gewerbestrasse 3, 4552 Derendingen, livraison Sud, halle porte 1<br \/>\nHeures de livraison : lun. &#8211; ven., 07:30-11:45 et 13:00-16:45 \/ ven. jusqu\u2019\u00e0 16:00<br \/>\nLivraison de plus de 2 m\u00b3 : annonce \u00e9crite et prise de rendez-vous aupr\u00e8s du service client\u00e8le  <\/p>\n<h2>Frais<\/h2>\n<p>Toujours selon la <a href=\"https:\/\/www.elri.ch\/wp-content\/uploads\/products\/register_01_elrecycling\/datenblatt_de_P01_elrecycling.pdf\" target=\"_blank\" rel=\"noopener\">fiche technique elrecycling<sup>\u00ae<\/sup><\/a> actuelle :<\/p>\n<p>CHF 19.50 hors TVA par \u00e9tiquette elrecycling\u00ae (\u00e9tat 2026\/03)<\/p>\n<p>Une \u00e9tiquette elrecycling<sup>\u00ae <\/sup>donne droit \u00e0 :<br \/>\n\u25cf 1 carton Elri de 0.240 m3 ou<br \/>\n\u25cf 1 sac plastique transparent jusqu\u2019\u00e0 240L ou<br \/>\n\u25cf 10 kg li\u00e9s en vrac, p. ex. sur palette  <\/p>\n<p>Produits Elri li\u00e9s en vrac sur palette actuellement CHF 1.95 par kg, minimum CHF 20.00 par livraison hors TVA.<\/p>\n<p>La livraison ainsi que tous les frais de transport sont \u00e0 la charge du client. Sur demande, un transport payant peut \u00eatre organis\u00e9.<\/p>\n<p>En cas de retour non conforme, les frais occasionn\u00e9s seront factur\u00e9s.<\/p>\n<h2>Contact en cas de questions<\/h2>\n<p>Service client\u00e8le +41 32 681 33 12 ou par mail \u00e0 <a href=\"javascript:secureDecryptAndNavigate('EZv2+S3kq8vZpV+5sX3CEpZaabVGPigYIVGpiiduTeyU1hFoF71Kcq54lSG7cXDOdjUwAu6abhBSRLUkbq\/ulivUug==', '2df7745608d0c9a41d7bc313d2a3ec3bc86de378a5ea6316b21a519246b0cb12')\">&#105;n&#102;&#111;&#64;&#101;l&#114;i&#46;&#99;h<\/a>, www.elri.ch<\/p>\n<p><a href=\"https:\/\/www.elri.ch\/wp-content\/uploads\/products\/register_01_elrecycling\/datenblatt_de_P01_elrecycling.pdf\" target=\"_blank\" rel=\"noopener\">Fiche technique elrecycling<sup>\u00ae<\/sup><\/a><\/p>\n","protected":false},"excerpt":{"rendered":"<p>Notre engagement Elri AG s\u2019engage depuis des ann\u00e9es dans le domaine du recyclage de ses propres produits. L\u2019ensemble des d\u00e9chets de production est collect\u00e9 et r\u00e9introduit dans le cycle de recyclage. Les d\u00e9chets de chantier pouvant \u00eatre [&hellip;]<\/p>\n","protected":false},"author":4,"featured_media":8388,"parent":0,"menu_order":5,"comment_status":"closed","ping_status":"closed","template":"","meta":{"_acf_changed":false,"footnotes":""},"class_list":["post-7864","page","type-page","status-publish","has-post-thumbnail","hentry"],"acf":[],"aioseo_notices":[],"_links":{"self":[{"href":"https:\/\/www.elri.ch\/fr\/wp-json\/wp\/v2\/pages\/7864","targetHints":{"allow":["GET"]}}],"collection":[{"href":"https:\/\/www.elri.ch\/fr\/wp-json\/wp\/v2\/pages"}],"about":[{"href":"https:\/\/www.elri.ch\/fr\/wp-json\/wp\/v2\/types\/page"}],"author":[{"embeddable":true,"href":"https:\/\/www.elri.ch\/fr\/wp-json\/wp\/v2\/users\/4"}],"replies":[{"embeddable":true,"href":"https:\/\/www.elri.ch\/fr\/wp-json\/wp\/v2\/comments?post=7864"}],"version-history":[{"count":32,"href":"https:\/\/www.elri.ch\/fr\/wp-json\/wp\/v2\/pages\/7864\/revisions"}],"predecessor-version":[{"id":8390,"href":"https:\/\/www.elri.ch\/fr\/wp-json\/wp\/v2\/pages\/7864\/revisions\/8390"}],"wp:featuredmedia":[{"embeddable":true,"href":"https:\/\/www.elri.ch\/fr\/wp-json\/wp\/v2\/media\/8388"}],"wp:attachment":[{"href":"https:\/\/www.elri.ch\/fr\/wp-json\/wp\/v2\/media?parent=7864"}],"curies":[{"name":"wp","href":"https:\/\/api.w.org\/{rel}","templated":true}]}}