{"id":253,"date":"2014-12-15T20:29:55","date_gmt":"2014-12-15T20:29:55","guid":{"rendered":"http:\/\/www.elri.ch\/?page_id=253"},"modified":"2015-04-09T11:59:43","modified_gmt":"2015-04-09T11:59:43","slug":"production","status":"publish","type":"page","link":"https:\/\/www.elri.ch\/fr\/entreprise\/production\/","title":{"rendered":"Production"},"content":{"rendered":"<p>Les comp\u00e9tences principales d\u2019Elri AG sont les technologies de production suivantes<\/p>\n<ul>\n<li>d\u00e9formation thermique<\/li>\n<li>moulage PU<\/li>\n<li>confection de mat\u00e9riaux d\u2019isolation<\/li>\n<li>laminage de couches de rev\u00eatement<\/li>\n<li>d\u00e9coupe de pi\u00e8ces pr\u00e9form\u00e9es issues de mat\u00e9riaux plats<\/li>\n<\/ul>\n","protected":false},"excerpt":{"rendered":"<p>Les comp\u00e9tences principales d\u2019Elri AG sont les technologies de production suivantes d\u00e9formation thermique moulage PU confection de mat\u00e9riaux d\u2019isolation laminage de couches de rev\u00eatement d\u00e9coupe de pi\u00e8ces pr\u00e9form\u00e9es issues de mat\u00e9riaux plats<\/p>\n","protected":false},"author":1,"featured_media":3890,"parent":236,"menu_order":10,"comment_status":"closed","ping_status":"closed","template":"page-contentbox.php","meta":{"_acf_changed":false,"footnotes":""},"class_list":["post-253","page","type-page","status-publish","has-post-thumbnail","hentry"],"acf":[],"aioseo_notices":[],"_links":{"self":[{"href":"https:\/\/www.elri.ch\/fr\/wp-json\/wp\/v2\/pages\/253","targetHints":{"allow":["GET"]}}],"collection":[{"href":"https:\/\/www.elri.ch\/fr\/wp-json\/wp\/v2\/pages"}],"about":[{"href":"https:\/\/www.elri.ch\/fr\/wp-json\/wp\/v2\/types\/page"}],"author":[{"embeddable":true,"href":"https:\/\/www.elri.ch\/fr\/wp-json\/wp\/v2\/users\/1"}],"replies":[{"embeddable":true,"href":"https:\/\/www.elri.ch\/fr\/wp-json\/wp\/v2\/comments?post=253"}],"version-history":[{"count":11,"href":"https:\/\/www.elri.ch\/fr\/wp-json\/wp\/v2\/pages\/253\/revisions"}],"predecessor-version":[{"id":1451,"href":"https:\/\/www.elri.ch\/fr\/wp-json\/wp\/v2\/pages\/253\/revisions\/1451"}],"up":[{"embeddable":true,"href":"https:\/\/www.elri.ch\/fr\/wp-json\/wp\/v2\/pages\/236"}],"wp:featuredmedia":[{"embeddable":true,"href":"https:\/\/www.elri.ch\/fr\/wp-json\/wp\/v2\/media\/3890"}],"wp:attachment":[{"href":"https:\/\/www.elri.ch\/fr\/wp-json\/wp\/v2\/media?parent=253"}],"curies":[{"name":"wp","href":"https:\/\/api.w.org\/{rel}","templated":true}]}}