{"id":236,"date":"2014-12-15T19:55:24","date_gmt":"2014-12-15T19:55:24","guid":{"rendered":"http:\/\/www.elri.ch\/?page_id=236"},"modified":"2015-03-30T13:45:05","modified_gmt":"2015-03-30T13:45:05","slug":"entreprise","status":"publish","type":"page","link":"https:\/\/www.elri.ch\/fr\/entreprise\/","title":{"rendered":"Entreprise"},"content":{"rendered":"<p><img loading=\"lazy\" decoding=\"async\" class=\"alignnone wp-image-331 size-full\" src=\"http:\/\/www.elri.ch\/wp-content\/uploads\/20141121_Elri_AG_Drohne_9_72_dpi.jpg\" alt=\"FirmaL\" width=\"420\" height=\"260\" srcset=\"https:\/\/www.elri.ch\/wp-content\/uploads\/20141121_Elri_AG_Drohne_9_72_dpi.jpg 420w, https:\/\/www.elri.ch\/wp-content\/uploads\/20141121_Elri_AG_Drohne_9_72_dpi-300x185.jpg 300w\" sizes=\"auto, (max-width: 420px) 100vw, 420px\" \/><img loading=\"lazy\" decoding=\"async\" class=\"alignright wp-image-333 size-full\" src=\"http:\/\/www.elri.ch\/wp-content\/uploads\/20141121_Elri_AG_Drohne_67_72_dpi.jpg\" alt=\"FirmaR\" width=\"420\" height=\"260\" srcset=\"https:\/\/www.elri.ch\/wp-content\/uploads\/20141121_Elri_AG_Drohne_67_72_dpi.jpg 420w, https:\/\/www.elri.ch\/wp-content\/uploads\/20141121_Elri_AG_Drohne_67_72_dpi-300x185.jpg 300w\" sizes=\"auto, (max-width: 420px) 100vw, 420px\" \/><\/p>\n<h2>Production et vente de syst\u00e8mes d\u2019isolation pour tuyaux<\/h2>\n<p>La maison Elri AG existe depuis 1962. D\u2019un commencement modeste, elle s\u2019est d\u00e9velopp\u00e9e jusqu\u2019\u00e0 devenir leader dans le secteur des pi\u00e8ces pr\u00e9form\u00e9es pour l\u2019isolation de tuyaux. A ce jour, Elri AG est un partenaire \u00e9tablit pour les\u00a0entreprises d\u2019isolation, pour les commer\u00e7ants sanitaire et chauffage ainsi que pour l\u2019industrie\u00a0dans le pays et \u00e0 l\u2019\u00e9tranger.<!--more--><\/p>\n<h2>Palette de produit diversifi\u00e9e, fabriqu\u00e9e par de diff\u00e9rents proc\u00e9d\u00e9s de production<\/h2>\n<p>Les \u00abcoudes PVC elri\u00bb font partie des classiques de la technique d\u2019isolation pour tuyaux. Sur les\u00a0installations les plus modernes les feuilles sont embouties et soud\u00e9es \u00e0 haute fr\u00e9quence. A l\u2019aide de la derni\u00e8re technologie du moussage de polyur\u00e9thane, nous fabriquons les \u00abcoudes PIR universels elri\u00bb \u00e0 partir d\u2019un syst\u00e8me de mousse PIR (PU) sans halog\u00e8nes. Les moules dont nous avons besoin sont fabriqu\u00e9s dans notre propre atelier. Des dimensions particuli\u00e8res peuvent \u00eatre frais\u00e9es et coup\u00e9es sur des machines sp\u00e9ciales. Des installations \u00e0 commande num\u00e9rique de d\u00e9coupe de contours servent \u00e0 la production de coquilles isolantes en mousse dure PIR et en laine de roche. Des pi\u00e8ces pr\u00e9form\u00e9es issues de mat\u00e9riaux plats sont coup\u00e9es sur des installations aux couteaux oscillants. Des installations \u00e0 laminer permettent l\u2019application de diff\u00e9rentes couches de rev\u00eatement sur les mati\u00e8res isolantes.<\/p>\n","protected":false},"excerpt":{"rendered":"<p>Production et vente de syst\u00e8mes d\u2019isolation pour tuyaux La maison Elri AG existe depuis 1962. D\u2019un commencement modeste, elle s\u2019est d\u00e9velopp\u00e9e jusqu\u2019\u00e0 devenir leader dans le secteur des pi\u00e8ces pr\u00e9form\u00e9es pour l\u2019isolation de tuyaux. A ce jour, [&hellip;]<\/p>\n","protected":false},"author":1,"featured_media":642,"parent":0,"menu_order":16,"comment_status":"closed","ping_status":"closed","template":"","meta":{"_acf_changed":false,"footnotes":""},"class_list":["post-236","page","type-page","status-publish","has-post-thumbnail","hentry"],"acf":[],"aioseo_notices":[],"_links":{"self":[{"href":"https:\/\/www.elri.ch\/fr\/wp-json\/wp\/v2\/pages\/236","targetHints":{"allow":["GET"]}}],"collection":[{"href":"https:\/\/www.elri.ch\/fr\/wp-json\/wp\/v2\/pages"}],"about":[{"href":"https:\/\/www.elri.ch\/fr\/wp-json\/wp\/v2\/types\/page"}],"author":[{"embeddable":true,"href":"https:\/\/www.elri.ch\/fr\/wp-json\/wp\/v2\/users\/1"}],"replies":[{"embeddable":true,"href":"https:\/\/www.elri.ch\/fr\/wp-json\/wp\/v2\/comments?post=236"}],"version-history":[{"count":5,"href":"https:\/\/www.elri.ch\/fr\/wp-json\/wp\/v2\/pages\/236\/revisions"}],"predecessor-version":[{"id":1243,"href":"https:\/\/www.elri.ch\/fr\/wp-json\/wp\/v2\/pages\/236\/revisions\/1243"}],"wp:featuredmedia":[{"embeddable":true,"href":"https:\/\/www.elri.ch\/fr\/wp-json\/wp\/v2\/media\/642"}],"wp:attachment":[{"href":"https:\/\/www.elri.ch\/fr\/wp-json\/wp\/v2\/media?parent=236"}],"curies":[{"name":"wp","href":"https:\/\/api.w.org\/{rel}","templated":true}]}}