{"id":234,"date":"2014-12-15T19:54:27","date_gmt":"2014-12-15T19:54:27","guid":{"rendered":"http:\/\/www.elri.ch\/?page_id=234"},"modified":"2022-04-11T10:49:12","modified_gmt":"2022-04-11T10:49:12","slug":"home-2","status":"publish","type":"page","link":"https:\/\/www.elri.ch\/fr\/","title":{"rendered":"Bienvenue chez Elri AG"},"content":{"rendered":"<p><img loading=\"lazy\" decoding=\"async\" class=\"alignnone wp-image-6049\" src=\"https:\/\/www.elri.ch\/wp-content\/uploads\/2022_banner_60_Jahre_Elri_fr.png\" alt=\"\" width=\"860\" height=\"477\" srcset=\"https:\/\/www.elri.ch\/wp-content\/uploads\/2022_banner_60_Jahre_Elri_fr.png 1611w, https:\/\/www.elri.ch\/wp-content\/uploads\/2022_banner_60_Jahre_Elri_fr-300x166.png 300w, https:\/\/www.elri.ch\/wp-content\/uploads\/2022_banner_60_Jahre_Elri_fr-1024x568.png 1024w, https:\/\/www.elri.ch\/wp-content\/uploads\/2022_banner_60_Jahre_Elri_fr-768x426.png 768w, https:\/\/www.elri.ch\/wp-content\/uploads\/2022_banner_60_Jahre_Elri_fr-1536x852.png 1536w\" sizes=\"auto, (max-width: 860px) 100vw, 860px\" \/><\/p>\n<p>M\u00eame \u00e0 60 ans nous sommes en super forme pour l\u2019avenir.<br \/>\nUn grand MERCI \u00e0 tous nos partenaires pour la confiance t\u00e9moign\u00e9e et la bonne collaboration.<\/p>\n<p>Elri AG est une entreprise familiale qui s\u2019est d\u00e9velopp\u00e9e depuis sa fondation en 1962 \u00a0jusqu\u2019\u00e0 devenir leader dans la production et la vente des syst\u00e8mes d\u2019isolation pour tuyaux. L\u2019entreprise est partenaire des entreprises d\u2019isolation, pour le commerce sanitaire et chauffage ainsi que pour l\u2019industrie dans le pays et \u00e0 l\u2019\u00e9tranger.<\/p>\n","protected":false},"excerpt":{"rendered":"<p>M\u00eame \u00e0 60 ans nous sommes en super forme pour l\u2019avenir. Un grand MERCI \u00e0 tous nos partenaires pour la confiance t\u00e9moign\u00e9e et la bonne collaboration. Elri AG est une entreprise familiale qui s\u2019est d\u00e9velopp\u00e9e depuis sa [&hellip;]<\/p>\n","protected":false},"author":1,"featured_media":0,"parent":0,"menu_order":9,"comment_status":"closed","ping_status":"closed","template":"page-home.php","meta":{"_acf_changed":false,"footnotes":""},"class_list":["post-234","page","type-page","status-publish","hentry"],"acf":[],"aioseo_notices":[],"_links":{"self":[{"href":"https:\/\/www.elri.ch\/fr\/wp-json\/wp\/v2\/pages\/234","targetHints":{"allow":["GET"]}}],"collection":[{"href":"https:\/\/www.elri.ch\/fr\/wp-json\/wp\/v2\/pages"}],"about":[{"href":"https:\/\/www.elri.ch\/fr\/wp-json\/wp\/v2\/types\/page"}],"author":[{"embeddable":true,"href":"https:\/\/www.elri.ch\/fr\/wp-json\/wp\/v2\/users\/1"}],"replies":[{"embeddable":true,"href":"https:\/\/www.elri.ch\/fr\/wp-json\/wp\/v2\/comments?post=234"}],"version-history":[{"count":26,"href":"https:\/\/www.elri.ch\/fr\/wp-json\/wp\/v2\/pages\/234\/revisions"}],"predecessor-version":[{"id":6051,"href":"https:\/\/www.elri.ch\/fr\/wp-json\/wp\/v2\/pages\/234\/revisions\/6051"}],"wp:attachment":[{"href":"https:\/\/www.elri.ch\/fr\/wp-json\/wp\/v2\/media?parent=234"}],"curies":[{"name":"wp","href":"https:\/\/api.w.org\/{rel}","templated":true}]}}