{"id":1259,"date":"2015-04-01T14:57:02","date_gmt":"2015-04-01T14:57:02","guid":{"rendered":"http:\/\/www.elri.ch\/?page_id=1259"},"modified":"2015-04-08T12:51:30","modified_gmt":"2015-04-08T12:51:30","slug":"documents-de-planification-pir","status":"publish","type":"page","link":"https:\/\/www.elri.ch\/fr\/informations-expert\/documents-de-planification-pir\/","title":{"rendered":"Documents de planification PIR"},"content":{"rendered":"<p>Avec l\u2019outil de calcul PIR RT2 les documents de planification ont \u00e9t\u00e9 r\u00e9vis\u00e9s et mis \u00e0 jour.<br \/>\nLes isolations de tuyau pour les conduites d\u2019eau chaude et froide sont r\u00e9unis en un seul document.<\/p>\n<p><a href=\"http:\/\/www.elri.ch\/wp-content\/uploads\/PIR_lisolant-thermique-hautes_f.pdf\" target=\"_blank\">&gt;&gt; PIR la mati\u00e8re isolante \u00e0 haute performance pour la tuyauterie<\/a><\/p>\n","protected":false},"excerpt":{"rendered":"<p>Avec l\u2019outil de calcul PIR RT2 les documents de planification ont \u00e9t\u00e9 r\u00e9vis\u00e9s et mis \u00e0 jour. Les isolations de tuyau pour les conduites d\u2019eau chaude et froide sont r\u00e9unis en un seul document. &gt;&gt; PIR la [&hellip;]<\/p>\n","protected":false},"author":3,"featured_media":642,"parent":279,"menu_order":3,"comment_status":"closed","ping_status":"closed","template":"","meta":{"_acf_changed":false,"footnotes":""},"class_list":["post-1259","page","type-page","status-publish","has-post-thumbnail","hentry"],"acf":[],"aioseo_notices":[],"_links":{"self":[{"href":"https:\/\/www.elri.ch\/fr\/wp-json\/wp\/v2\/pages\/1259","targetHints":{"allow":["GET"]}}],"collection":[{"href":"https:\/\/www.elri.ch\/fr\/wp-json\/wp\/v2\/pages"}],"about":[{"href":"https:\/\/www.elri.ch\/fr\/wp-json\/wp\/v2\/types\/page"}],"author":[{"embeddable":true,"href":"https:\/\/www.elri.ch\/fr\/wp-json\/wp\/v2\/users\/3"}],"replies":[{"embeddable":true,"href":"https:\/\/www.elri.ch\/fr\/wp-json\/wp\/v2\/comments?post=1259"}],"version-history":[{"count":4,"href":"https:\/\/www.elri.ch\/fr\/wp-json\/wp\/v2\/pages\/1259\/revisions"}],"predecessor-version":[{"id":1261,"href":"https:\/\/www.elri.ch\/fr\/wp-json\/wp\/v2\/pages\/1259\/revisions\/1261"}],"up":[{"embeddable":true,"href":"https:\/\/www.elri.ch\/fr\/wp-json\/wp\/v2\/pages\/279"}],"wp:featuredmedia":[{"embeddable":true,"href":"https:\/\/www.elri.ch\/fr\/wp-json\/wp\/v2\/media\/642"}],"wp:attachment":[{"href":"https:\/\/www.elri.ch\/fr\/wp-json\/wp\/v2\/media?parent=1259"}],"curies":[{"name":"wp","href":"https:\/\/api.w.org\/{rel}","templated":true}]}}